{"id":783,"date":"2022-07-26T14:09:21","date_gmt":"2022-07-26T14:09:21","guid":{"rendered":"http:\/\/ingenieriaintegral.co\/?page_id=783"},"modified":"2022-07-26T16:50:34","modified_gmt":"2022-07-26T16:50:34","slug":"inspeccion-de-lineas-electricas","status":"publish","type":"page","link":"https:\/\/ingenieriaintegral.co\/?page_id=783","title":{"rendered":"Inspecci\u00f3n de l\u00edneas el\u00e9ctricas"},"content":{"rendered":"\t\t<div data-elementor-type=\"wp-page\" data-elementor-id=\"783\" class=\"elementor elementor-783\" data-elementor-settings=\"[]\">\n\t\t\t\t\t\t\t<div class=\"elementor-section-wrap\">\n\t\t\t\t\t\t\t<section data-particle_enable=\"false\" data-particle-mobile-disabled=\"false\" class=\"elementor-section elementor-top-section elementor-element elementor-element-47d1ae66 elementor-section-boxed elementor-section-height-default elementor-section-height-default\" data-id=\"47d1ae66\" data-element_type=\"section\" data-settings=\"{&quot;background_background&quot;:&quot;classic&quot;,&quot;ekit_has_onepagescroll_dot&quot;:&quot;yes&quot;}\">\n\t\t\t\t\t\t\t<div class=\"elementor-background-overlay\"><\/div>\n\t\t\t\t\t\t\t<div class=\"elementor-container elementor-column-gap-default\">\n\t\t\t\t\t<div class=\"elementor-column elementor-col-100 elementor-top-column elementor-element elementor-element-5a69ec0f\" data-id=\"5a69ec0f\" data-element_type=\"column\" data-settings=\"{&quot;background_background&quot;:&quot;classic&quot;}\">\n\t\t\t<div class=\"elementor-widget-wrap elementor-element-populated\">\n\t\t\t\t\t\t\t\t<div class=\"elementor-element elementor-element-0357833 elementor-widget elementor-widget-heading\" data-id=\"0357833\" data-element_type=\"widget\" data-settings=\"{&quot;ekit_we_effect_on&quot;:&quot;none&quot;}\" data-widget_type=\"heading.default\">\n\t\t\t\t<div class=\"elementor-widget-container\">\n\t\t\t<h2 class=\"elementor-heading-title elementor-size-default\">Inspecci\u00f3n de l\u00edneas el\u00e9ctricas <\/h2>\t\t<\/div>\n\t\t\t\t<\/div>\n\t\t\t\t\t<\/div>\n\t\t<\/div>\n\t\t\t\t\t\t\t<\/div>\n\t\t<\/section>\n\t\t\t\t<section data-particle_enable=\"false\" data-particle-mobile-disabled=\"false\" class=\"elementor-section elementor-top-section elementor-element elementor-element-f93ae4e elementor-section-boxed elementor-section-height-default elementor-section-height-default\" data-id=\"f93ae4e\" data-element_type=\"section\" data-settings=\"{&quot;ekit_has_onepagescroll_dot&quot;:&quot;yes&quot;}\">\n\t\t\t\t\t\t<div class=\"elementor-container elementor-column-gap-default\">\n\t\t\t\t\t<div class=\"elementor-column elementor-col-100 elementor-top-column elementor-element elementor-element-ed5f61e\" data-id=\"ed5f61e\" data-element_type=\"column\">\n\t\t\t<div class=\"elementor-widget-wrap elementor-element-populated\">\n\t\t\t\t\t\t\t\t<div class=\"elementor-element elementor-element-165367b elementor-widget elementor-widget-heading\" data-id=\"165367b\" data-element_type=\"widget\" data-settings=\"{&quot;ekit_we_effect_on&quot;:&quot;none&quot;}\" data-widget_type=\"heading.default\">\n\t\t\t\t<div class=\"elementor-widget-container\">\n\t\t\t<h2 class=\"elementor-heading-title elementor-size-default\">En la inspecci\u00f3n de lineas electricas ofrecemos:<\/h2>\t\t<\/div>\n\t\t\t\t<\/div>\n\t\t\t\t<div class=\"elementor-element elementor-element-0c1b04e elementor-widget elementor-widget-text-editor\" data-id=\"0c1b04e\" data-element_type=\"widget\" data-settings=\"{&quot;ekit_we_effect_on&quot;:&quot;none&quot;}\" data-widget_type=\"text-editor.default\">\n\t\t\t\t<div class=\"elementor-widget-container\">\n\t\t\t\t\t\t\t<ul><li><b>Inspecci\u00f3n Poste A Poste<\/b><\/li><li><b>Georreferenciaci\u00f3n De Cada Punto<\/b><\/li><li><strong>Fotos En Alta Resoluci\u00f3n<\/strong><\/li><li><strong>Termogramas De Cada Punto Inspeccionado<\/strong><\/li><li><b>Video De Tramo De La Linea\u00a0Con\u00a0Anomal\u00eda<\/b><\/li><li><b>Informe T\u00e9cnico De Los Hallazgos<\/b><\/li><li><strong>Informaci\u00f3n De Cada Uno De Los Puntos <\/strong><\/li><li><strong>Trazabilidad De La Informaci\u00f3n Para Mantenimiento<\/strong><\/li><li><strong>Plan De Mantenimiento Preventivo Y\/O Correctivo.<\/strong><\/li><\/ul><p>\u00a0<\/p>\t\t\t\t\t\t<\/div>\n\t\t\t\t<\/div>\n\t\t\t\t\t<\/div>\n\t\t<\/div>\n\t\t\t\t\t\t\t<\/div>\n\t\t<\/section>\n\t\t\t\t<section data-particle_enable=\"false\" data-particle-mobile-disabled=\"false\" class=\"elementor-section elementor-top-section elementor-element elementor-element-54df5a9 elementor-section-boxed elementor-section-height-default elementor-section-height-default\" data-id=\"54df5a9\" data-element_type=\"section\" data-settings=\"{&quot;ekit_has_onepagescroll_dot&quot;:&quot;yes&quot;}\">\n\t\t\t\t\t\t<div class=\"elementor-container elementor-column-gap-default\">\n\t\t\t\t\t<div class=\"elementor-column elementor-col-50 elementor-top-column elementor-element elementor-element-4945431\" data-id=\"4945431\" data-element_type=\"column\">\n\t\t\t<div class=\"elementor-widget-wrap elementor-element-populated\">\n\t\t\t\t\t\t\t\t<div class=\"elementor-element elementor-element-1ae61d7 elementor-widget elementor-widget-image\" data-id=\"1ae61d7\" data-element_type=\"widget\" data-settings=\"{&quot;ekit_we_effect_on&quot;:&quot;none&quot;}\" data-widget_type=\"image.default\">\n\t\t\t\t<div class=\"elementor-widget-container\">\n\t\t\t\t\t\t\t\t\t\t\t\t\t\t\t<img width=\"300\" height=\"172\" src=\"https:\/\/ingenieriaintegral.co\/wp-content\/uploads\/2022\/07\/Captura-22-300x172.jpg\" class=\"attachment-medium size-medium\" alt=\"\" loading=\"lazy\" srcset=\"https:\/\/ingenieriaintegral.co\/wp-content\/uploads\/2022\/07\/Captura-22-300x172.jpg 300w, https:\/\/ingenieriaintegral.co\/wp-content\/uploads\/2022\/07\/Captura-22.jpg 377w\" sizes=\"(max-width: 300px) 100vw, 300px\" \/>\t\t\t\t\t\t\t\t\t\t\t\t\t\t\t<\/div>\n\t\t\t\t<\/div>\n\t\t\t\t\t<\/div>\n\t\t<\/div>\n\t\t\t\t<div class=\"elementor-column elementor-col-50 elementor-top-column elementor-element elementor-element-d1e0ff0\" data-id=\"d1e0ff0\" data-element_type=\"column\">\n\t\t\t<div class=\"elementor-widget-wrap elementor-element-populated\">\n\t\t\t\t\t\t\t\t<div class=\"elementor-element elementor-element-ec83019 elementor-widget elementor-widget-heading\" data-id=\"ec83019\" data-element_type=\"widget\" data-settings=\"{&quot;ekit_we_effect_on&quot;:&quot;none&quot;}\" data-widget_type=\"heading.default\">\n\t\t\t\t<div class=\"elementor-widget-container\">\n\t\t\t<h2 class=\"elementor-heading-title elementor-size-default\">Termograma <\/h2>\t\t<\/div>\n\t\t\t\t<\/div>\n\t\t\t\t\t<\/div>\n\t\t<\/div>\n\t\t\t\t\t\t\t<\/div>\n\t\t<\/section>\n\t\t\t\t<section data-particle_enable=\"false\" data-particle-mobile-disabled=\"false\" class=\"elementor-section elementor-top-section elementor-element elementor-element-68fc5e4 elementor-section-boxed elementor-section-height-default elementor-section-height-default\" data-id=\"68fc5e4\" data-element_type=\"section\" data-settings=\"{&quot;ekit_has_onepagescroll_dot&quot;:&quot;yes&quot;}\">\n\t\t\t\t\t\t<div class=\"elementor-container elementor-column-gap-default\">\n\t\t\t\t\t<div class=\"elementor-column elementor-col-50 elementor-top-column elementor-element elementor-element-ff9882d\" data-id=\"ff9882d\" data-element_type=\"column\">\n\t\t\t<div class=\"elementor-widget-wrap elementor-element-populated\">\n\t\t\t\t\t\t\t\t<div class=\"elementor-element elementor-element-d3c1f1b elementor-widget elementor-widget-heading\" data-id=\"d3c1f1b\" data-element_type=\"widget\" data-settings=\"{&quot;ekit_we_effect_on&quot;:&quot;none&quot;}\" data-widget_type=\"heading.default\">\n\t\t\t\t<div class=\"elementor-widget-container\">\n\t\t\t<h2 class=\"elementor-heading-title elementor-size-default\">Foto <\/h2>\t\t<\/div>\n\t\t\t\t<\/div>\n\t\t\t\t\t<\/div>\n\t\t<\/div>\n\t\t\t\t<div class=\"elementor-column elementor-col-50 elementor-top-column elementor-element elementor-element-2b4fffe\" data-id=\"2b4fffe\" data-element_type=\"column\">\n\t\t\t<div class=\"elementor-widget-wrap elementor-element-populated\">\n\t\t\t\t\t\t\t\t<div class=\"elementor-element elementor-element-2650b16 elementor-widget elementor-widget-image\" data-id=\"2650b16\" data-element_type=\"widget\" data-settings=\"{&quot;ekit_we_effect_on&quot;:&quot;none&quot;}\" data-widget_type=\"image.default\">\n\t\t\t\t<div class=\"elementor-widget-container\">\n\t\t\t\t\t\t\t\t\t\t\t\t\t\t\t<img width=\"300\" height=\"185\" src=\"https:\/\/ingenieriaintegral.co\/wp-content\/uploads\/2022\/07\/Captura-23-300x185.jpg\" class=\"attachment-medium size-medium\" alt=\"\" loading=\"lazy\" srcset=\"https:\/\/ingenieriaintegral.co\/wp-content\/uploads\/2022\/07\/Captura-23-300x185.jpg 300w, https:\/\/ingenieriaintegral.co\/wp-content\/uploads\/2022\/07\/Captura-23.jpg 372w\" sizes=\"(max-width: 300px) 100vw, 300px\" \/>\t\t\t\t\t\t\t\t\t\t\t\t\t\t\t<\/div>\n\t\t\t\t<\/div>\n\t\t\t\t\t<\/div>\n\t\t<\/div>\n\t\t\t\t\t\t\t<\/div>\n\t\t<\/section>\n\t\t\t\t\t\t<\/div>\n\t\t\t\t\t<\/div>\n\t\t","protected":false},"excerpt":{"rendered":"<p>Inspecci\u00f3n de l\u00edneas el\u00e9ctricas En la inspecci\u00f3n de lineas electricas ofrecemos: Inspecci\u00f3n Poste A Poste Georreferenciaci\u00f3n De Cada Punto Fotos En Alta Resoluci\u00f3n Termogramas De Cada Punto Inspeccionado Video De Tramo De La Linea\u00a0Con\u00a0Anomal\u00eda Informe T\u00e9cnico De Los Hallazgos Informaci\u00f3n De Cada Uno De Los Puntos Trazabilidad De La Informaci\u00f3n Para Mantenimiento Plan De Mantenimiento &hellip;<\/p>\n<p class=\"read-more\"> <a class=\"\" href=\"https:\/\/ingenieriaintegral.co\/?page_id=783\"> <span class=\"screen-reader-text\">Inspecci\u00f3n de l\u00edneas el\u00e9ctricas<\/span> Leer m\u00e1s &raquo;<\/a><\/p>\n","protected":false},"author":1,"featured_media":0,"parent":0,"menu_order":0,"comment_status":"closed","ping_status":"closed","template":"","meta":{"om_disable_all_campaigns":false},"_links":{"self":[{"href":"https:\/\/ingenieriaintegral.co\/index.php?rest_route=\/wp\/v2\/pages\/783"}],"collection":[{"href":"https:\/\/ingenieriaintegral.co\/index.php?rest_route=\/wp\/v2\/pages"}],"about":[{"href":"https:\/\/ingenieriaintegral.co\/index.php?rest_route=\/wp\/v2\/types\/page"}],"author":[{"embeddable":true,"href":"https:\/\/ingenieriaintegral.co\/index.php?rest_route=\/wp\/v2\/users\/1"}],"replies":[{"embeddable":true,"href":"https:\/\/ingenieriaintegral.co\/index.php?rest_route=%2Fwp%2Fv2%2Fcomments&post=783"}],"version-history":[{"count":7,"href":"https:\/\/ingenieriaintegral.co\/index.php?rest_route=\/wp\/v2\/pages\/783\/revisions"}],"predecessor-version":[{"id":900,"href":"https:\/\/ingenieriaintegral.co\/index.php?rest_route=\/wp\/v2\/pages\/783\/revisions\/900"}],"wp:attachment":[{"href":"https:\/\/ingenieriaintegral.co\/index.php?rest_route=%2Fwp%2Fv2%2Fmedia&parent=783"}],"curies":[{"name":"wp","href":"https:\/\/api.w.org\/{rel}","templated":true}]}}