{"id":684,"date":"2022-07-25T16:46:12","date_gmt":"2022-07-25T16:46:12","guid":{"rendered":"http:\/\/ingenieriaintegral.co\/?page_id=684"},"modified":"2022-07-26T16:38:37","modified_gmt":"2022-07-26T16:38:37","slug":"el-montaje-electrico","status":"publish","type":"page","link":"https:\/\/ingenieriaintegral.co\/?page_id=684","title":{"rendered":"Montaje el\u00e9ctrico"},"content":{"rendered":"\t\t<div data-elementor-type=\"wp-page\" data-elementor-id=\"684\" class=\"elementor elementor-684\" data-elementor-settings=\"[]\">\n\t\t\t\t\t\t\t<div class=\"elementor-section-wrap\">\n\t\t\t\t\t\t\t<section data-particle_enable=\"false\" data-particle-mobile-disabled=\"false\" class=\"elementor-section elementor-top-section elementor-element elementor-element-47d1ae66 elementor-section-boxed elementor-section-height-default elementor-section-height-default\" data-id=\"47d1ae66\" data-element_type=\"section\" data-settings=\"{&quot;background_background&quot;:&quot;classic&quot;,&quot;ekit_has_onepagescroll_dot&quot;:&quot;yes&quot;}\">\n\t\t\t\t\t\t\t<div class=\"elementor-background-overlay\"><\/div>\n\t\t\t\t\t\t\t<div class=\"elementor-container elementor-column-gap-default\">\n\t\t\t\t\t<div class=\"elementor-column elementor-col-100 elementor-top-column elementor-element elementor-element-5a69ec0f\" data-id=\"5a69ec0f\" data-element_type=\"column\" data-settings=\"{&quot;background_background&quot;:&quot;classic&quot;}\">\n\t\t\t<div class=\"elementor-widget-wrap elementor-element-populated\">\n\t\t\t\t\t\t\t\t<div class=\"elementor-element elementor-element-0357833 elementor-widget elementor-widget-heading\" data-id=\"0357833\" data-element_type=\"widget\" data-settings=\"{&quot;ekit_we_effect_on&quot;:&quot;none&quot;}\" data-widget_type=\"heading.default\">\n\t\t\t\t<div class=\"elementor-widget-container\">\n\t\t\t<h2 class=\"elementor-heading-title elementor-size-default\">MONTAJE EL\u00c9CTRICO<\/h2>\t\t<\/div>\n\t\t\t\t<\/div>\n\t\t\t\t\t<\/div>\n\t\t<\/div>\n\t\t\t\t\t\t\t<\/div>\n\t\t<\/section>\n\t\t\t\t<section data-particle_enable=\"false\" data-particle-mobile-disabled=\"false\" class=\"elementor-section elementor-top-section elementor-element elementor-element-f93ae4e elementor-section-boxed elementor-section-height-default elementor-section-height-default\" data-id=\"f93ae4e\" data-element_type=\"section\" data-settings=\"{&quot;ekit_has_onepagescroll_dot&quot;:&quot;yes&quot;}\">\n\t\t\t\t\t\t<div class=\"elementor-container elementor-column-gap-default\">\n\t\t\t\t\t<div class=\"elementor-column elementor-col-100 elementor-top-column elementor-element elementor-element-ed5f61e\" data-id=\"ed5f61e\" data-element_type=\"column\">\n\t\t\t<div class=\"elementor-widget-wrap elementor-element-populated\">\n\t\t\t\t\t\t\t\t<div class=\"elementor-element elementor-element-165367b elementor-widget elementor-widget-heading\" data-id=\"165367b\" data-element_type=\"widget\" data-settings=\"{&quot;ekit_we_effect_on&quot;:&quot;none&quot;}\" data-widget_type=\"heading.default\">\n\t\t\t\t<div class=\"elementor-widget-container\">\n\t\t\t<h2 class=\"elementor-heading-title elementor-size-default\">Nuestra empresa realiza:<\/h2>\t\t<\/div>\n\t\t\t\t<\/div>\n\t\t\t\t<div class=\"elementor-element elementor-element-0c1b04e elementor-widget elementor-widget-text-editor\" data-id=\"0c1b04e\" data-element_type=\"widget\" data-settings=\"{&quot;ekit_we_effect_on&quot;:&quot;none&quot;}\" data-widget_type=\"text-editor.default\">\n\t\t\t\t<div class=\"elementor-widget-container\">\n\t\t\t\t\t\t\t<ul><li>Consultor\u00eda\u00a0<\/li><li>Dise\u00f1o<\/li><li>Mantenimiento\u00a0<\/li><li>Instalaci\u00f3n el\u00e9ctrica\u00a0<\/li><li>Interventor\u00eda\u00a0\u00a0<\/li><\/ul>\t\t\t\t\t\t<\/div>\n\t\t\t\t<\/div>\n\t\t\t\t\t<\/div>\n\t\t<\/div>\n\t\t\t\t\t\t\t<\/div>\n\t\t<\/section>\n\t\t\t\t<section data-particle_enable=\"false\" data-particle-mobile-disabled=\"false\" class=\"elementor-section elementor-top-section elementor-element elementor-element-d64f4d8 elementor-section-boxed elementor-section-height-default elementor-section-height-default\" data-id=\"d64f4d8\" data-element_type=\"section\" data-settings=\"{&quot;ekit_has_onepagescroll_dot&quot;:&quot;yes&quot;}\">\n\t\t\t\t\t\t<div class=\"elementor-container elementor-column-gap-default\">\n\t\t\t\t\t<div class=\"elementor-column elementor-col-50 elementor-top-column elementor-element elementor-element-e4aed85\" data-id=\"e4aed85\" data-element_type=\"column\">\n\t\t\t<div class=\"elementor-widget-wrap elementor-element-populated\">\n\t\t\t\t\t\t\t\t<div class=\"elementor-element elementor-element-9e2132f elementor-widget elementor-widget-heading\" data-id=\"9e2132f\" data-element_type=\"widget\" data-settings=\"{&quot;ekit_we_effect_on&quot;:&quot;none&quot;}\" data-widget_type=\"heading.default\">\n\t\t\t\t<div class=\"elementor-widget-container\">\n\t\t\t<h2 class=\"elementor-heading-title elementor-size-default\">Consultor\u00eda  <\/h2>\t\t<\/div>\n\t\t\t\t<\/div>\n\t\t\t\t<div class=\"elementor-element elementor-element-3e8cb57 elementor-widget elementor-widget-text-editor\" data-id=\"3e8cb57\" data-element_type=\"widget\" data-settings=\"{&quot;ekit_we_effect_on&quot;:&quot;none&quot;}\" data-widget_type=\"text-editor.default\">\n\t\t\t\t<div class=\"elementor-widget-container\">\n\t\t\t\t\t\t\t<p>Medici\u00f3n de par\u00e1metros dentro de sus instalaciones, con el fin de establecer la calidad de energ\u00eda el\u00e9ctrica de su suministro, para ello puede realizar:<\/p>\t\t\t\t\t\t<\/div>\n\t\t\t\t<\/div>\n\t\t\t\t<div class=\"elementor-element elementor-element-1ddc66a elementor-widget elementor-widget-text-editor\" data-id=\"1ddc66a\" data-element_type=\"widget\" data-settings=\"{&quot;ekit_we_effect_on&quot;:&quot;none&quot;}\" data-widget_type=\"text-editor.default\">\n\t\t\t\t<div class=\"elementor-widget-container\">\n\t\t\t\t\t\t\t<ul><li>Medici\u00f3n de arm\u00f3nicos\u00a0<\/li><li>Medici\u00f3n de energ\u00eda activa y reactiva\u00a0<\/li><li>Diagn\u00f3sticos y mediciones sistemas de puesta a tierra\u00a0<\/li><li>calidad de energ\u00eda<\/li><li>estudios de eficiencia energ\u00e9tica para disminuci\u00f3n de consumo energ\u00e9tico y ahorro de energ\u00eda.\u00a0 \u00a0 \u00a0<\/li><\/ul>\t\t\t\t\t\t<\/div>\n\t\t\t\t<\/div>\n\t\t\t\t\t<\/div>\n\t\t<\/div>\n\t\t\t\t<div class=\"elementor-column elementor-col-50 elementor-top-column elementor-element elementor-element-3bdd9c3\" data-id=\"3bdd9c3\" data-element_type=\"column\">\n\t\t\t<div class=\"elementor-widget-wrap elementor-element-populated\">\n\t\t\t\t\t\t\t\t<div class=\"elementor-element elementor-element-c9ed443 elementor-widget elementor-widget-image\" data-id=\"c9ed443\" data-element_type=\"widget\" data-settings=\"{&quot;ekit_we_effect_on&quot;:&quot;none&quot;}\" data-widget_type=\"image.default\">\n\t\t\t\t<div class=\"elementor-widget-container\">\n\t\t\t\t\t\t\t\t\t\t\t\t\t\t\t<img width=\"1024\" height=\"684\" src=\"https:\/\/ingenieriaintegral.co\/wp-content\/uploads\/2022\/07\/Diseno-sin-titulo-2022-07-25T120357.894-1024x684.png\" class=\"attachment-large size-large\" alt=\"\" loading=\"lazy\" srcset=\"https:\/\/ingenieriaintegral.co\/wp-content\/uploads\/2022\/07\/Diseno-sin-titulo-2022-07-25T120357.894-1024x684.png 1024w, https:\/\/ingenieriaintegral.co\/wp-content\/uploads\/2022\/07\/Diseno-sin-titulo-2022-07-25T120357.894-300x200.png 300w, https:\/\/ingenieriaintegral.co\/wp-content\/uploads\/2022\/07\/Diseno-sin-titulo-2022-07-25T120357.894-768x513.png 768w, https:\/\/ingenieriaintegral.co\/wp-content\/uploads\/2022\/07\/Diseno-sin-titulo-2022-07-25T120357.894-1536x1026.png 1536w, https:\/\/ingenieriaintegral.co\/wp-content\/uploads\/2022\/07\/Diseno-sin-titulo-2022-07-25T120357.894.png 1920w\" sizes=\"(max-width: 1024px) 100vw, 1024px\" \/>\t\t\t\t\t\t\t\t\t\t\t\t\t\t\t<\/div>\n\t\t\t\t<\/div>\n\t\t\t\t\t<\/div>\n\t\t<\/div>\n\t\t\t\t\t\t\t<\/div>\n\t\t<\/section>\n\t\t\t\t<section data-particle_enable=\"false\" data-particle-mobile-disabled=\"false\" class=\"elementor-section elementor-top-section elementor-element elementor-element-54df5a9 elementor-section-boxed elementor-section-height-default elementor-section-height-default\" data-id=\"54df5a9\" data-element_type=\"section\" data-settings=\"{&quot;ekit_has_onepagescroll_dot&quot;:&quot;yes&quot;}\">\n\t\t\t\t\t\t<div class=\"elementor-container elementor-column-gap-default\">\n\t\t\t\t\t<div class=\"elementor-column elementor-col-50 elementor-top-column elementor-element elementor-element-4945431\" data-id=\"4945431\" data-element_type=\"column\">\n\t\t\t<div class=\"elementor-widget-wrap elementor-element-populated\">\n\t\t\t\t\t\t\t\t<div class=\"elementor-element elementor-element-1ae61d7 elementor-widget elementor-widget-image\" data-id=\"1ae61d7\" data-element_type=\"widget\" data-settings=\"{&quot;ekit_we_effect_on&quot;:&quot;none&quot;}\" data-widget_type=\"image.default\">\n\t\t\t\t<div class=\"elementor-widget-container\">\n\t\t\t\t\t\t\t\t\t\t\t\t\t\t\t<img width=\"1024\" height=\"684\" src=\"https:\/\/ingenieriaintegral.co\/wp-content\/uploads\/2022\/07\/Diseno-sin-titulo-2022-07-25T120842.472-1024x684.png\" class=\"attachment-large size-large\" alt=\"\" loading=\"lazy\" srcset=\"https:\/\/ingenieriaintegral.co\/wp-content\/uploads\/2022\/07\/Diseno-sin-titulo-2022-07-25T120842.472-1024x684.png 1024w, https:\/\/ingenieriaintegral.co\/wp-content\/uploads\/2022\/07\/Diseno-sin-titulo-2022-07-25T120842.472-300x200.png 300w, https:\/\/ingenieriaintegral.co\/wp-content\/uploads\/2022\/07\/Diseno-sin-titulo-2022-07-25T120842.472-768x513.png 768w, https:\/\/ingenieriaintegral.co\/wp-content\/uploads\/2022\/07\/Diseno-sin-titulo-2022-07-25T120842.472-1536x1026.png 1536w, https:\/\/ingenieriaintegral.co\/wp-content\/uploads\/2022\/07\/Diseno-sin-titulo-2022-07-25T120842.472.png 1920w\" sizes=\"(max-width: 1024px) 100vw, 1024px\" \/>\t\t\t\t\t\t\t\t\t\t\t\t\t\t\t<\/div>\n\t\t\t\t<\/div>\n\t\t\t\t\t<\/div>\n\t\t<\/div>\n\t\t\t\t<div class=\"elementor-column elementor-col-50 elementor-top-column elementor-element elementor-element-d1e0ff0\" data-id=\"d1e0ff0\" data-element_type=\"column\">\n\t\t\t<div class=\"elementor-widget-wrap elementor-element-populated\">\n\t\t\t\t\t\t\t\t<div class=\"elementor-element elementor-element-8f081b9 elementor-widget elementor-widget-heading\" data-id=\"8f081b9\" data-element_type=\"widget\" data-settings=\"{&quot;ekit_we_effect_on&quot;:&quot;none&quot;}\" data-widget_type=\"heading.default\">\n\t\t\t\t<div class=\"elementor-widget-container\">\n\t\t\t<h2 class=\"elementor-heading-title elementor-size-default\">Dise\u00f1o <\/h2>\t\t<\/div>\n\t\t\t\t<\/div>\n\t\t\t\t<div class=\"elementor-element elementor-element-ae72741 elementor-widget elementor-widget-text-editor\" data-id=\"ae72741\" data-element_type=\"widget\" data-settings=\"{&quot;ekit_we_effect_on&quot;:&quot;none&quot;}\" data-widget_type=\"text-editor.default\">\n\t\t\t\t<div class=\"elementor-widget-container\">\n\t\t\t\t\t\t\tPlanos el\u00e9ctricos para nuevos proyectos\nPlanos el\u00e9ctricos para redes reguladas, Apantallamiento\nSistemas de puesta a tierra\nInstalaciones internas comerciales, residenciales e industriales\n<strong>Redes de datos, Redes de citofon\u00eda, Redes de telefon\u00eda<\/strong>\t\t\t\t\t\t<\/div>\n\t\t\t\t<\/div>\n\t\t\t\t\t<\/div>\n\t\t<\/div>\n\t\t\t\t\t\t\t<\/div>\n\t\t<\/section>\n\t\t\t\t<section data-particle_enable=\"false\" data-particle-mobile-disabled=\"false\" class=\"elementor-section elementor-top-section elementor-element elementor-element-df1639d elementor-section-boxed elementor-section-height-default elementor-section-height-default\" data-id=\"df1639d\" data-element_type=\"section\" data-settings=\"{&quot;ekit_has_onepagescroll_dot&quot;:&quot;yes&quot;}\">\n\t\t\t\t\t\t<div class=\"elementor-container elementor-column-gap-default\">\n\t\t\t\t\t<div class=\"elementor-column elementor-col-50 elementor-top-column elementor-element elementor-element-46534d7\" data-id=\"46534d7\" data-element_type=\"column\">\n\t\t\t<div class=\"elementor-widget-wrap elementor-element-populated\">\n\t\t\t\t\t\t\t\t<div class=\"elementor-element elementor-element-ae3ae4d elementor-widget elementor-widget-heading\" data-id=\"ae3ae4d\" data-element_type=\"widget\" data-settings=\"{&quot;ekit_we_effect_on&quot;:&quot;none&quot;}\" data-widget_type=\"heading.default\">\n\t\t\t\t<div class=\"elementor-widget-container\">\n\t\t\t<h2 class=\"elementor-heading-title elementor-size-default\">Mantenimiento preventivo <\/h2>\t\t<\/div>\n\t\t\t\t<\/div>\n\t\t\t\t<div class=\"elementor-element elementor-element-fe9d0fe elementor-widget elementor-widget-text-editor\" data-id=\"fe9d0fe\" data-element_type=\"widget\" data-settings=\"{&quot;ekit_we_effect_on&quot;:&quot;none&quot;}\" data-widget_type=\"text-editor.default\">\n\t\t\t\t<div class=\"elementor-widget-container\">\n\t\t\t\t\t\t\tSe desarrollan: \n<br> \nRevisi\u00f3n, pruebas, diagnostico y correcci\u00f3n de fallas en instalaciones el\u00e9ctricas. <br> \nLevantamiento de planos en instalaciones el\u00e9ctricas y de comunicaciones\nAdecuaci\u00f3n de instalaciones el\u00e9ctricas de acuerdo con las exigencias normativas (RETIE) , diagnostico de transformadores de media potencia.\n<br> \nMantenimiento de luminarias, tableros el\u00e9ctricos, etc.\t\t\t\t\t\t<\/div>\n\t\t\t\t<\/div>\n\t\t\t\t\t<\/div>\n\t\t<\/div>\n\t\t\t\t<div class=\"elementor-column elementor-col-50 elementor-top-column elementor-element elementor-element-2bd80e2\" data-id=\"2bd80e2\" data-element_type=\"column\">\n\t\t\t<div class=\"elementor-widget-wrap elementor-element-populated\">\n\t\t\t\t\t\t\t\t<div class=\"elementor-element elementor-element-7b71873 elementor-widget elementor-widget-image\" data-id=\"7b71873\" data-element_type=\"widget\" data-settings=\"{&quot;ekit_we_effect_on&quot;:&quot;none&quot;}\" data-widget_type=\"image.default\">\n\t\t\t\t<div class=\"elementor-widget-container\">\n\t\t\t\t\t\t\t\t\t\t\t\t\t\t\t<img width=\"1024\" height=\"684\" src=\"https:\/\/ingenieriaintegral.co\/wp-content\/uploads\/2022\/07\/Diseno-sin-titulo-2022-07-25T122653.526-1024x684.png\" class=\"attachment-large size-large\" alt=\"\" loading=\"lazy\" srcset=\"https:\/\/ingenieriaintegral.co\/wp-content\/uploads\/2022\/07\/Diseno-sin-titulo-2022-07-25T122653.526-1024x684.png 1024w, https:\/\/ingenieriaintegral.co\/wp-content\/uploads\/2022\/07\/Diseno-sin-titulo-2022-07-25T122653.526-300x200.png 300w, https:\/\/ingenieriaintegral.co\/wp-content\/uploads\/2022\/07\/Diseno-sin-titulo-2022-07-25T122653.526-768x513.png 768w, https:\/\/ingenieriaintegral.co\/wp-content\/uploads\/2022\/07\/Diseno-sin-titulo-2022-07-25T122653.526-1536x1026.png 1536w, https:\/\/ingenieriaintegral.co\/wp-content\/uploads\/2022\/07\/Diseno-sin-titulo-2022-07-25T122653.526.png 1920w\" sizes=\"(max-width: 1024px) 100vw, 1024px\" \/>\t\t\t\t\t\t\t\t\t\t\t\t\t\t\t<\/div>\n\t\t\t\t<\/div>\n\t\t\t\t\t<\/div>\n\t\t<\/div>\n\t\t\t\t\t\t\t<\/div>\n\t\t<\/section>\n\t\t\t\t<section data-particle_enable=\"false\" data-particle-mobile-disabled=\"false\" class=\"elementor-section elementor-top-section elementor-element elementor-element-ff98467 elementor-section-boxed elementor-section-height-default elementor-section-height-default\" data-id=\"ff98467\" data-element_type=\"section\" data-settings=\"{&quot;ekit_has_onepagescroll_dot&quot;:&quot;yes&quot;}\">\n\t\t\t\t\t\t<div class=\"elementor-container elementor-column-gap-default\">\n\t\t\t\t\t<div class=\"elementor-column elementor-col-50 elementor-top-column elementor-element elementor-element-585297b\" data-id=\"585297b\" data-element_type=\"column\">\n\t\t\t<div class=\"elementor-widget-wrap elementor-element-populated\">\n\t\t\t\t\t\t\t\t<div class=\"elementor-element elementor-element-a23cc9d elementor-widget elementor-widget-image\" data-id=\"a23cc9d\" data-element_type=\"widget\" data-settings=\"{&quot;ekit_we_effect_on&quot;:&quot;none&quot;}\" data-widget_type=\"image.default\">\n\t\t\t\t<div class=\"elementor-widget-container\">\n\t\t\t\t\t\t\t\t\t\t\t\t\t\t\t<img width=\"1024\" height=\"684\" src=\"https:\/\/ingenieriaintegral.co\/wp-content\/uploads\/2022\/07\/Diseno-sin-titulo-2022-07-25T124117.782-1024x684.png\" class=\"attachment-large size-large\" alt=\"\" loading=\"lazy\" srcset=\"https:\/\/ingenieriaintegral.co\/wp-content\/uploads\/2022\/07\/Diseno-sin-titulo-2022-07-25T124117.782-1024x684.png 1024w, https:\/\/ingenieriaintegral.co\/wp-content\/uploads\/2022\/07\/Diseno-sin-titulo-2022-07-25T124117.782-300x200.png 300w, https:\/\/ingenieriaintegral.co\/wp-content\/uploads\/2022\/07\/Diseno-sin-titulo-2022-07-25T124117.782-768x513.png 768w, https:\/\/ingenieriaintegral.co\/wp-content\/uploads\/2022\/07\/Diseno-sin-titulo-2022-07-25T124117.782-1536x1026.png 1536w, https:\/\/ingenieriaintegral.co\/wp-content\/uploads\/2022\/07\/Diseno-sin-titulo-2022-07-25T124117.782.png 1920w\" sizes=\"(max-width: 1024px) 100vw, 1024px\" \/>\t\t\t\t\t\t\t\t\t\t\t\t\t\t\t<\/div>\n\t\t\t\t<\/div>\n\t\t\t\t\t<\/div>\n\t\t<\/div>\n\t\t\t\t<div class=\"elementor-column elementor-col-50 elementor-top-column elementor-element elementor-element-f55d201\" data-id=\"f55d201\" data-element_type=\"column\">\n\t\t\t<div class=\"elementor-widget-wrap elementor-element-populated\">\n\t\t\t\t\t\t\t\t<div class=\"elementor-element elementor-element-6a97fa8 elementor-widget elementor-widget-heading\" data-id=\"6a97fa8\" data-element_type=\"widget\" data-settings=\"{&quot;ekit_we_effect_on&quot;:&quot;none&quot;}\" data-widget_type=\"heading.default\">\n\t\t\t\t<div class=\"elementor-widget-container\">\n\t\t\t<h2 class=\"elementor-heading-title elementor-size-default\">Instalaci\u00f3n el\u00e9ctrica <\/h2>\t\t<\/div>\n\t\t\t\t<\/div>\n\t\t\t\t<div class=\"elementor-element elementor-element-58333f8 elementor-widget elementor-widget-text-editor\" data-id=\"58333f8\" data-element_type=\"widget\" data-settings=\"{&quot;ekit_we_effect_on&quot;:&quot;none&quot;}\" data-widget_type=\"text-editor.default\">\n\t\t\t\t<div class=\"elementor-widget-container\">\n\t\t\t\t\t\t\tRealizamos instalaciones el\u00e9ctricas de tipo domiciliario e industrial, de acuerdo con las exigencias normativas el\u00e9ctricas (RETIE), de la siguiente manera:\n<br> \nNuevos proyecto, adecuaci\u00f3n de los existentes.\n<br> \n\nAmpliaciones, sistemas de iluminaci\u00f3n exterior e interior.\n\nInstalaci\u00f3n de transformadores de media potencia, montaje de tableros de protecci\u00f3n, de sistemas de puesta a tierra, etc.\t\t\t\t\t\t<\/div>\n\t\t\t\t<\/div>\n\t\t\t\t\t<\/div>\n\t\t<\/div>\n\t\t\t\t\t\t\t<\/div>\n\t\t<\/section>\n\t\t\t\t\t\t<\/div>\n\t\t\t\t\t<\/div>\n\t\t","protected":false},"excerpt":{"rendered":"<p>MONTAJE EL\u00c9CTRICO Nuestra empresa realiza: Consultor\u00eda\u00a0 Dise\u00f1o Mantenimiento\u00a0 Instalaci\u00f3n el\u00e9ctrica\u00a0 Interventor\u00eda\u00a0\u00a0 Consultor\u00eda Medici\u00f3n de par\u00e1metros dentro de sus instalaciones, con el fin de establecer la calidad de energ\u00eda el\u00e9ctrica de su suministro, para ello puede realizar: Medici\u00f3n de arm\u00f3nicos\u00a0 Medici\u00f3n de energ\u00eda activa y reactiva\u00a0 Diagn\u00f3sticos y mediciones sistemas de puesta a tierra\u00a0 calidad de &hellip;<\/p>\n<p class=\"read-more\"> <a class=\"\" href=\"https:\/\/ingenieriaintegral.co\/?page_id=684\"> <span class=\"screen-reader-text\">Montaje el\u00e9ctrico<\/span> Leer m\u00e1s &raquo;<\/a><\/p>\n","protected":false},"author":1,"featured_media":0,"parent":0,"menu_order":0,"comment_status":"closed","ping_status":"closed","template":"","meta":{"om_disable_all_campaigns":false},"_links":{"self":[{"href":"https:\/\/ingenieriaintegral.co\/index.php?rest_route=\/wp\/v2\/pages\/684"}],"collection":[{"href":"https:\/\/ingenieriaintegral.co\/index.php?rest_route=\/wp\/v2\/pages"}],"about":[{"href":"https:\/\/ingenieriaintegral.co\/index.php?rest_route=\/wp\/v2\/types\/page"}],"author":[{"embeddable":true,"href":"https:\/\/ingenieriaintegral.co\/index.php?rest_route=\/wp\/v2\/users\/1"}],"replies":[{"embeddable":true,"href":"https:\/\/ingenieriaintegral.co\/index.php?rest_route=%2Fwp%2Fv2%2Fcomments&post=684"}],"version-history":[{"count":11,"href":"https:\/\/ingenieriaintegral.co\/index.php?rest_route=\/wp\/v2\/pages\/684\/revisions"}],"predecessor-version":[{"id":877,"href":"https:\/\/ingenieriaintegral.co\/index.php?rest_route=\/wp\/v2\/pages\/684\/revisions\/877"}],"wp:attachment":[{"href":"https:\/\/ingenieriaintegral.co\/index.php?rest_route=%2Fwp%2Fv2%2Fmedia&parent=684"}],"curies":[{"name":"wp","href":"https:\/\/api.w.org\/{rel}","templated":true}]}}