{"id":168,"date":"2021-10-11T15:01:54","date_gmt":"2021-10-11T15:01:54","guid":{"rendered":"http:\/\/ingenieriaintegral.co\/?page_id=168"},"modified":"2022-07-26T16:44:54","modified_gmt":"2022-07-26T16:44:54","slug":"quienes-somos","status":"publish","type":"page","link":"https:\/\/ingenieriaintegral.co\/?page_id=168","title":{"rendered":"Quienes somos"},"content":{"rendered":"\t\t<div data-elementor-type=\"wp-page\" data-elementor-id=\"168\" class=\"elementor elementor-168\" data-elementor-settings=\"[]\">\n\t\t\t\t\t\t\t<div class=\"elementor-section-wrap\">\n\t\t\t\t\t\t\t<section data-particle_enable=\"false\" data-particle-mobile-disabled=\"false\" class=\"elementor-section elementor-top-section elementor-element elementor-element-ff1eaf3 elementor-section-boxed elementor-section-height-default elementor-section-height-default\" data-id=\"ff1eaf3\" data-element_type=\"section\" data-settings=\"{&quot;background_background&quot;:&quot;classic&quot;,&quot;ekit_has_onepagescroll_dot&quot;:&quot;yes&quot;}\">\n\t\t\t\t\t\t\t<div class=\"elementor-background-overlay\"><\/div>\n\t\t\t\t\t\t\t<div class=\"elementor-container elementor-column-gap-default\">\n\t\t\t\t\t<div class=\"elementor-column elementor-col-100 elementor-top-column elementor-element elementor-element-5bed6a2d\" data-id=\"5bed6a2d\" data-element_type=\"column\" data-settings=\"{&quot;background_background&quot;:&quot;classic&quot;}\">\n\t\t\t<div class=\"elementor-widget-wrap elementor-element-populated\">\n\t\t\t\t\t\t\t\t<div class=\"elementor-element elementor-element-7cef3ec3 elementor-widget elementor-widget-heading\" data-id=\"7cef3ec3\" data-element_type=\"widget\" data-settings=\"{&quot;ekit_we_effect_on&quot;:&quot;none&quot;}\" data-widget_type=\"heading.default\">\n\t\t\t\t<div class=\"elementor-widget-container\">\n\t\t\t<h2 class=\"elementor-heading-title elementor-size-default\">Quienes somos <\/h2>\t\t<\/div>\n\t\t\t\t<\/div>\n\t\t\t\t\t<\/div>\n\t\t<\/div>\n\t\t\t\t\t\t\t<\/div>\n\t\t<\/section>\n\t\t\t\t<section data-particle_enable=\"false\" data-particle-mobile-disabled=\"false\" class=\"elementor-section elementor-top-section elementor-element elementor-element-e34bd87 elementor-section-boxed elementor-section-height-default elementor-section-height-default\" data-id=\"e34bd87\" data-element_type=\"section\" data-settings=\"{&quot;ekit_has_onepagescroll_dot&quot;:&quot;yes&quot;}\">\n\t\t\t\t\t\t<div class=\"elementor-container elementor-column-gap-default\">\n\t\t\t\t\t<div class=\"elementor-column elementor-col-100 elementor-top-column elementor-element elementor-element-a53adab\" data-id=\"a53adab\" data-element_type=\"column\">\n\t\t\t<div class=\"elementor-widget-wrap elementor-element-populated\">\n\t\t\t\t\t\t\t\t<div class=\"elementor-element elementor-element-53ad6db elementor-widget elementor-widget-text-editor\" data-id=\"53ad6db\" data-element_type=\"widget\" data-settings=\"{&quot;ekit_we_effect_on&quot;:&quot;none&quot;}\" data-widget_type=\"text-editor.default\">\n\t\t\t\t<div class=\"elementor-widget-container\">\n\t\t\t\t\t\t\t<p>\u201cSomos una empresa comprometida con la excelencia en la prestaci\u00f3n de servicios de dise\u00f1o y\/o montajes de subestaciones el\u00e9ctricas de media y alta tensi\u00f3n, sistemas fotovoltaicos, circuitos cerrados de televisi\u00f3n, cercas el\u00e9ctricas, biometr\u00eda y dom\u00f3tica, a trav\u00e9s de innovaciones tecnol\u00f3gicas en el desarrollo de nuestros proyectos de INGENIERIA ELECTRICA y CIVIL.\u201d<br \/><br \/>Nuestro grupo de ingenieros y t\u00e9cnicos cuenta con una amplia experiencia en montajes de subestaciones de media y alta tensi\u00f3n, en el desarrollo de obras el\u00e9ctricas de gran envergadura, desde edificaciones residenciales hasta el montaje de l\u00edneas y subestaciones de 115 y 220 kv, proyectos en Dom\u00f3tica y seguridad electr\u00f3nica.<\/p>\t\t\t\t\t\t<\/div>\n\t\t\t\t<\/div>\n\t\t\t\t\t<\/div>\n\t\t<\/div>\n\t\t\t\t\t\t\t<\/div>\n\t\t<\/section>\n\t\t\t\t<section data-particle_enable=\"false\" data-particle-mobile-disabled=\"false\" class=\"elementor-section elementor-top-section elementor-element elementor-element-4d48932 elementor-section-boxed elementor-section-height-default elementor-section-height-default\" data-id=\"4d48932\" data-element_type=\"section\" data-settings=\"{&quot;ekit_has_onepagescroll_dot&quot;:&quot;yes&quot;}\">\n\t\t\t\t\t\t<div class=\"elementor-container elementor-column-gap-default\">\n\t\t\t\t\t<div class=\"elementor-column elementor-col-50 elementor-top-column elementor-element elementor-element-6fde017\" data-id=\"6fde017\" data-element_type=\"column\">\n\t\t\t<div class=\"elementor-widget-wrap elementor-element-populated\">\n\t\t\t\t\t\t\t\t<div class=\"elementor-element elementor-element-eb25143 elementor-widget elementor-widget-heading\" data-id=\"eb25143\" data-element_type=\"widget\" data-settings=\"{&quot;ekit_we_effect_on&quot;:&quot;none&quot;}\" data-widget_type=\"heading.default\">\n\t\t\t\t<div class=\"elementor-widget-container\">\n\t\t\t<h2 class=\"elementor-heading-title elementor-size-default\">Misi\u00f3n<\/h2>\t\t<\/div>\n\t\t\t\t<\/div>\n\t\t\t\t<div class=\"elementor-element elementor-element-287ed26 elementor-widget elementor-widget-text-editor\" data-id=\"287ed26\" data-element_type=\"widget\" data-settings=\"{&quot;ekit_we_effect_on&quot;:&quot;none&quot;}\" data-widget_type=\"text-editor.default\">\n\t\t\t\t<div class=\"elementor-widget-container\">\n\t\t\t\t\t\t\t<p style=\"text-align: justify;\"><span style=\"font-size: 11.0pt; font-family: 'Arial',sans-serif;\">DOMOTICA INTEGRAL es una empresa del suroccidente colombiano interesada en promover el desarrollo tecnol\u00f3gico regional y nacional por medio de nuestro personal id\u00f3neo con capacidad de liderazgo y ejecuci\u00f3n logrando generar servicios y soluciones con innovaci\u00f3n tecnol\u00f3gica y crecimiento sostenible.<\/span><\/p>\t\t\t\t\t\t<\/div>\n\t\t\t\t<\/div>\n\t\t\t\t\t<\/div>\n\t\t<\/div>\n\t\t\t\t<div class=\"elementor-column elementor-col-50 elementor-top-column elementor-element elementor-element-a5851f8\" data-id=\"a5851f8\" data-element_type=\"column\">\n\t\t\t<div class=\"elementor-widget-wrap elementor-element-populated\">\n\t\t\t\t\t\t\t\t<div class=\"elementor-element elementor-element-ad6bdbb elementor-widget elementor-widget-heading\" data-id=\"ad6bdbb\" data-element_type=\"widget\" data-settings=\"{&quot;ekit_we_effect_on&quot;:&quot;none&quot;}\" data-widget_type=\"heading.default\">\n\t\t\t\t<div class=\"elementor-widget-container\">\n\t\t\t<h2 class=\"elementor-heading-title elementor-size-default\">Visi\u00f3n <\/h2>\t\t<\/div>\n\t\t\t\t<\/div>\n\t\t\t\t<div class=\"elementor-element elementor-element-636b5df elementor-widget elementor-widget-text-editor\" data-id=\"636b5df\" data-element_type=\"widget\" data-settings=\"{&quot;ekit_we_effect_on&quot;:&quot;none&quot;}\" data-widget_type=\"text-editor.default\">\n\t\t\t\t<div class=\"elementor-widget-container\">\n\t\t\t\t\t\t\t<p style=\"text-align: justify;\"><span style=\"font-size: 11.0pt; font-family: 'Arial',sans-serif;\">DOMOTICA INTEGRAL se lograr\u00e1 consolidar para el a\u00f1o 2027 como una empresa l\u00edder del sector el\u00e9ctrico en Colombia, y LATAM por medio de las tecnolog\u00edas de \u00faltima generaci\u00f3n aumentando la efectividad de los procesos en los servicios prestados al igual que la confianza de nuestros clientes.<\/span><\/p>\t\t\t\t\t\t<\/div>\n\t\t\t\t<\/div>\n\t\t\t\t\t<\/div>\n\t\t<\/div>\n\t\t\t\t\t\t\t<\/div>\n\t\t<\/section>\n\t\t\t\t\t\t<\/div>\n\t\t\t\t\t<\/div>\n\t\t","protected":false},"excerpt":{"rendered":"<p>Quienes somos \u201cSomos una empresa comprometida con la excelencia en la prestaci\u00f3n de servicios de dise\u00f1o y\/o montajes de subestaciones el\u00e9ctricas de media y alta tensi\u00f3n, sistemas fotovoltaicos, circuitos cerrados de televisi\u00f3n, cercas el\u00e9ctricas, biometr\u00eda y dom\u00f3tica, a trav\u00e9s de innovaciones tecnol\u00f3gicas en el desarrollo de nuestros proyectos de INGENIERIA ELECTRICA y CIVIL.\u201d Nuestro grupo &hellip;<\/p>\n<p class=\"read-more\"> <a class=\"\" href=\"https:\/\/ingenieriaintegral.co\/?page_id=168\"> <span class=\"screen-reader-text\">Quienes somos<\/span> Leer m\u00e1s &raquo;<\/a><\/p>\n","protected":false},"author":1,"featured_media":0,"parent":0,"menu_order":0,"comment_status":"closed","ping_status":"closed","template":"","meta":{"om_disable_all_campaigns":false},"_links":{"self":[{"href":"https:\/\/ingenieriaintegral.co\/index.php?rest_route=\/wp\/v2\/pages\/168"}],"collection":[{"href":"https:\/\/ingenieriaintegral.co\/index.php?rest_route=\/wp\/v2\/pages"}],"about":[{"href":"https:\/\/ingenieriaintegral.co\/index.php?rest_route=\/wp\/v2\/types\/page"}],"author":[{"embeddable":true,"href":"https:\/\/ingenieriaintegral.co\/index.php?rest_route=\/wp\/v2\/users\/1"}],"replies":[{"embeddable":true,"href":"https:\/\/ingenieriaintegral.co\/index.php?rest_route=%2Fwp%2Fv2%2Fcomments&post=168"}],"version-history":[{"count":92,"href":"https:\/\/ingenieriaintegral.co\/index.php?rest_route=\/wp\/v2\/pages\/168\/revisions"}],"predecessor-version":[{"id":886,"href":"https:\/\/ingenieriaintegral.co\/index.php?rest_route=\/wp\/v2\/pages\/168\/revisions\/886"}],"wp:attachment":[{"href":"https:\/\/ingenieriaintegral.co\/index.php?rest_route=%2Fwp%2Fv2%2Fmedia&parent=168"}],"curies":[{"name":"wp","href":"https:\/\/api.w.org\/{rel}","templated":true}]}}